{"id":51,"date":"2024-04-24T17:36:09","date_gmt":"2024-04-24T20:36:09","guid":{"rendered":"https:\/\/haipekfranco.com\/?page_id=51"},"modified":"2024-05-27T12:50:00","modified_gmt":"2024-05-27T15:50:00","slug":"atuacao","status":"publish","type":"page","link":"https:\/\/haipekfranco.com\/index.php\/atuacao\/","title":{"rendered":"\u00c1reas de atua\u00e7\u00e3o"},"content":{"rendered":"<p>[et_pb_section fb_built=&#8221;1&#8243; admin_label=&#8221;Header&#8221; _builder_version=&#8221;4.25.0&#8243; _module_preset=&#8221;default&#8221; use_background_color_gradient=&#8221;on&#8221; background_color_gradient_stops=&#8221;rgba(31,35,44,0.7) 0%|gcid-9fa4a1b6-767d-41ca-984c-a6f10449c843 100%&#8221; background_color_gradient_overlays_image=&#8221;on&#8221; background_image=&#8221;http:\/\/haipekfranco.com\/wp-content\/uploads\/2024\/04\/Firefly-prateleira-grande-preto-minimalista-e-elegante-de-um-escritorio-de-advocacia-cheia-de-livr.jpg&#8221; parallax=&#8221;on&#8221; custom_padding=&#8221;8vw||8vw||true|false&#8221; locked=&#8221;off&#8221; collapsed=&#8221;on&#8221; global_colors_info=&#8221;{%22gcid-9fa4a1b6-767d-41ca-984c-a6f10449c843%22:%91%22background_color_gradient_stops%22%93}&#8221;][et_pb_row _builder_version=&#8221;4.20.0&#8243; _module_preset=&#8221;default&#8221; max_width=&#8221;800px&#8221; global_colors_info=&#8221;{}&#8221;][et_pb_column type=&#8221;4_4&#8243; _builder_version=&#8221;4.20.0&#8243; _module_preset=&#8221;default&#8221; global_colors_info=&#8221;{}&#8221;][et_pb_text _builder_version=&#8221;4.25.0&#8243; _module_preset=&#8221;7df62ff6-484e-4f6f-a120-e87923643f7f&#8221; header_font=&#8221;Baskervville|||on|||||&#8221; header_text_color=&#8221;gcid-11d3dbbb-f6dc-4fb8-929b-9d6994368d00&#8243; text_orientation=&#8221;center&#8221; global_colors_info=&#8221;{%22gcid-11d3dbbb-f6dc-4fb8-929b-9d6994368d00%22:%91%22header_text_color%22%93}&#8221;]<\/p>\n<h1>\u00c1REAS DE ATUA\u00c7\u00c3O<\/h1>\n<p>[\/et_pb_text][et_pb_button button_url=&#8221;https:\/\/haipekfranco.com\/index.php\/contato\/&#8221; button_text=&#8221;Fale conosco&#8221; button_alignment=&#8221;center&#8221; _builder_version=&#8221;4.25.0&#8243; _module_preset=&#8221;cdcc4bcd-8d1c-4ab0-b357-610189cd5a0b&#8221; global_colors_info=&#8221;{}&#8221;][\/et_pb_button][\/et_pb_column][\/et_pb_row][\/et_pb_section][et_pb_section fb_built=&#8221;1&#8243; admin_label=&#8221;Services&#8221; _builder_version=&#8221;4.25.0&#8243; _module_preset=&#8221;default&#8221; background_color=&#8221;#1e232b&#8221; custom_padding=&#8221;4vw||6vw||false|false&#8221; locked=&#8221;off&#8221; global_colors_info=&#8221;{}&#8221;][et_pb_row column_structure=&#8221;1_4,1_4,1_4,1_4&#8243; _builder_version=&#8221;4.16&#8243; _module_preset=&#8221;default&#8221; max_width=&#8221;1280px&#8221; hover_enabled=&#8221;0&#8243; locked=&#8221;off&#8221; global_colors_info=&#8221;{}&#8221; sticky_enabled=&#8221;0&#8243;][et_pb_column type=&#8221;1_4&#8243; _builder_version=&#8221;4.16&#8243; _module_preset=&#8221;default&#8221; global_colors_info=&#8221;{}&#8221;][et_pb_toggle title=&#8221;Empresarial&#8221; open_toggle_text_color=&#8221;#1e232b&#8221; icon_color=&#8221;#303644&#8243; open_icon_color=&#8221;#303644&#8243; _builder_version=&#8221;4.25.0&#8243; _module_preset=&#8221;default&#8221; title_text_color=&#8221;#1e232b&#8221; title_font=&#8221;Baskervville|700||on|||||&#8221; title_font_size=&#8221;16px&#8221; closed_title_line_height=&#8221;1.2em&#8221; background_color=&#8221;#cab6a1&#8243; custom_margin=&#8221;|-30px|11px|-30px|false|false&#8221; border_width_all=&#8221;0px&#8221; global_colors_info=&#8221;{}&#8221;]<\/p>\n<p><span>Nosso escrit\u00f3rio possui uma vasta experi\u00eancia em direito empresarial, oferecendo servi\u00e7os jur\u00eddicos abrangentes para empresas de todos os portes e setores. Desde a constitui\u00e7\u00e3o e estrutura\u00e7\u00e3o de sociedades at\u00e9 quest\u00f5es contratuais complexas e lit\u00edgios comerciais, estamos comprometidos em fornecer solu\u00e7\u00f5es jur\u00eddicas eficazes e estrat\u00e9gicas para nossos clientes.<\/span><\/p>\n<p>[\/et_pb_toggle][et_pb_toggle title=&#8221;\u2060DIREITO DO TRABALHO&#8221; open_toggle_text_color=&#8221;#1e232b&#8221; icon_color=&#8221;#303644&#8243; open_icon_color=&#8221;#303644&#8243; _builder_version=&#8221;4.25.0&#8243; _module_preset=&#8221;default&#8221; title_text_color=&#8221;#1e232b&#8221; title_font=&#8221;Baskervville|700||on|||||&#8221; title_font_size=&#8221;16px&#8221; closed_title_line_height=&#8221;1.2em&#8221; background_color=&#8221;#cab6a1&#8243; custom_margin=&#8221;|-30px|11px|-30px|false|false&#8221; border_width_all=&#8221;0px&#8221; global_colors_info=&#8221;{}&#8221;]<\/p>\n<p><span style=\"color: #0a0a0a;\">Oferecemos servi\u00e7os de consultoria e representa\u00e7\u00e3o jur\u00eddica em todas as quest\u00f5es relacionadas ao direito do trabalho. Desde a elabora\u00e7\u00e3o de pol\u00edticas internas at\u00e9 a resolu\u00e7\u00e3o de lit\u00edgios trabalhistas, nossa equipe est\u00e1 comprometida em proteger os direitos e interesses de nossos clientes, garantindo conformidade com a legisla\u00e7\u00e3o trabalhista e promovendo rela\u00e7\u00f5es laborais justas e equilibradas.<\/span><\/p>\n<p>[\/et_pb_toggle][et_pb_toggle title=&#8221;\u2060C\u00cdVEL CONTENCIOSO&#8221; open_toggle_text_color=&#8221;#1e232b&#8221; icon_color=&#8221;#303644&#8243; open_icon_color=&#8221;#303644&#8243; _builder_version=&#8221;4.25.0&#8243; _module_preset=&#8221;default&#8221; title_text_color=&#8221;#1e232b&#8221; title_font=&#8221;Baskervville|700||on|||||&#8221; title_font_size=&#8221;16px&#8221; closed_title_line_height=&#8221;1.2em&#8221; background_color=&#8221;#cab6a1&#8243; custom_margin=&#8221;|-30px|11px|-30px|false|false&#8221; border_width_all=&#8221;0px&#8221; global_colors_info=&#8221;{}&#8221;]<\/p>\n<p><span>Nossa equipe de lit\u00edgios est\u00e1 preparada para oferecer representa\u00e7\u00e3o jur\u00eddica estrat\u00e9gica em uma ampla gama de quest\u00f5es civis, incluindo disputas contratuais, responsabilidade civil, direitos do consumidor e muito mais. Com uma abordagem focada no cliente e orientada para resultados, estamos comprometidos em defender os interesses de nossos clientes e alcan\u00e7ar resultados positivos em lit\u00edgios complexos e desafiadores.<\/span><\/p>\n<p>[\/et_pb_toggle][\/et_pb_column][et_pb_column type=&#8221;1_4&#8243; _builder_version=&#8221;4.16&#8243; _module_preset=&#8221;default&#8221; global_colors_info=&#8221;{}&#8221;][et_pb_toggle title=&#8221;Terceiro setor&#8221; open_toggle_text_color=&#8221;#1e232b&#8221; icon_color=&#8221;#303644&#8243; open_icon_color=&#8221;#303644&#8243; _builder_version=&#8221;4.25.0&#8243; _module_preset=&#8221;default&#8221; title_text_color=&#8221;#1e232b&#8221; title_font=&#8221;Baskervville|700||on|||||&#8221; title_font_size=&#8221;16px&#8221; closed_title_line_height=&#8221;1.2em&#8221; background_color=&#8221;#cab6a1&#8243; custom_margin=&#8221;|-30px|11px|-30px|false|false&#8221; border_width_all=&#8221;0px&#8221; global_colors_info=&#8221;{}&#8221;]<\/p>\n<p><span>Nosso escrit\u00f3rio tem o privil\u00e9gio de oferecer assessoria jur\u00eddica especializada para organiza\u00e7\u00f5es do terceiro setor, incluindo quest\u00f5es relacionadas \u00e0 imunidade tribut\u00e1ria, dispensa de licita\u00e7\u00e3o, compliance e muito mais. Estamos empenhados em apoiar entidades sem fins lucrativos e filantr\u00f3picas, garantindo que possam alcan\u00e7ar seus objetivos com seguran\u00e7a jur\u00eddica e responsabilidade social.<\/span><\/p>\n<p>[\/et_pb_toggle][et_pb_toggle title=&#8221;ARBITRAGEM E MEDIA\u00c7\u00c3O&#8221; open_toggle_text_color=&#8221;#1e232b&#8221; icon_color=&#8221;#303644&#8243; open_icon_color=&#8221;#303644&#8243; _builder_version=&#8221;4.25.0&#8243; _module_preset=&#8221;default&#8221; title_text_color=&#8221;#1e232b&#8221; title_font=&#8221;Baskervville|700||on|||||&#8221; title_font_size=&#8221;16px&#8221; closed_title_line_height=&#8221;1.2em&#8221; background_color=&#8221;#cab6a1&#8243; custom_margin=&#8221;|-30px|11px|-30px|false|false&#8221; border_width_all=&#8221;0px&#8221; global_colors_info=&#8221;{}&#8221;]<\/p>\n<p><span>Como defensores da resolu\u00e7\u00e3o alternativa de disputas, oferecemos servi\u00e7os especializados em arbitragem e media\u00e7\u00e3o, proporcionando aos nossos clientes uma abordagem eficiente e flex\u00edvel para resolver conflitos de maneira r\u00e1pida e eficaz. Nossa equipe experiente est\u00e1 preparada para guiar os clientes atrav\u00e9s de processos de resolu\u00e7\u00e3o de disputas fora dos tribunais, visando alcan\u00e7ar resultados favor\u00e1veis e duradouros.<\/span><\/p>\n<p>[\/et_pb_toggle][et_pb_toggle title=&#8221;SOCIET\u00c1RIO&#8221; open_toggle_text_color=&#8221;#1e232b&#8221; icon_color=&#8221;#303644&#8243; open_icon_color=&#8221;#303644&#8243; _builder_version=&#8221;4.25.0&#8243; _module_preset=&#8221;default&#8221; title_text_color=&#8221;#1e232b&#8221; title_font=&#8221;Baskervville|700||on|||||&#8221; title_font_size=&#8221;16px&#8221; closed_title_line_height=&#8221;1.2em&#8221; background_color=&#8221;#cab6a1&#8243; custom_margin=&#8221;|-30px|11px|-30px|false|false&#8221; border_width_all=&#8221;0px&#8221; global_colors_info=&#8221;{}&#8221;]<\/p>\n<p><span>Oferecemos servi\u00e7os abrangentes de assessoria jur\u00eddica em quest\u00f5es societ\u00e1rias, incluindo constitui\u00e7\u00e3o de empresas, reestrutura\u00e7\u00f5es societ\u00e1rias, governan\u00e7a corporativa e conformidade regulat\u00f3ria. Nossa equipe de advogados especializados em direito societ\u00e1rio est\u00e1 comprometida em fornecer solu\u00e7\u00f5es personalizadas e estrat\u00e9gicas que atendam \u00e0s necessidades espec\u00edficas de nossos clientes e promovam o crescimento e a sustentabilidade de seus neg\u00f3cios.<\/span><\/p>\n<p>[\/et_pb_toggle][\/et_pb_column][et_pb_column type=&#8221;1_4&#8243; _builder_version=&#8221;4.16&#8243; _module_preset=&#8221;default&#8221; global_colors_info=&#8221;{}&#8221;][et_pb_toggle title=&#8221;m&#038;A&#8221; open_toggle_text_color=&#8221;#1e232b&#8221; icon_color=&#8221;#303644&#8243; open_icon_color=&#8221;#303644&#8243; _builder_version=&#8221;4.25.0&#8243; _module_preset=&#8221;default&#8221; title_text_color=&#8221;#1e232b&#8221; title_font=&#8221;Baskervville|700||on|||||&#8221; title_font_size=&#8221;16px&#8221; closed_title_line_height=&#8221;1.2em&#8221; background_color=&#8221;#cab6a1&#8243; custom_margin=&#8221;|-30px|11px|-30px|false|false&#8221; border_width_all=&#8221;0px&#8221; global_colors_info=&#8221;{}&#8221;]<\/p>\n<p><span>Nossa equipe de advogados especializados em fus\u00f5es e aquisi\u00e7\u00f5es est\u00e1 preparada para oferecer orienta\u00e7\u00e3o estrat\u00e9gica em transa\u00e7\u00f5es complexas, desde a due diligence at\u00e9 a negocia\u00e7\u00e3o e conclus\u00e3o bem-sucedida de acordos. Com uma abordagem proativa e focada no cliente, estamos comprometidos em alcan\u00e7ar resultados excepcionais para nossos clientes em suas iniciativas de M&amp;A.<\/span><\/p>\n<p>[\/et_pb_toggle][et_pb_toggle title=&#8221;\u2060TRIBUT\u00c1RIO&#8221; open_toggle_text_color=&#8221;#1e232b&#8221; icon_color=&#8221;#303644&#8243; open_icon_color=&#8221;#303644&#8243; _builder_version=&#8221;4.25.0&#8243; _module_preset=&#8221;default&#8221; title_text_color=&#8221;#1e232b&#8221; title_font=&#8221;Baskervville|700||on|||||&#8221; title_font_size=&#8221;16px&#8221; closed_title_line_height=&#8221;1.2em&#8221; background_color=&#8221;#cab6a1&#8243; custom_margin=&#8221;|-30px|11px|-30px|false|false&#8221; border_width_all=&#8221;0px&#8221; global_colors_info=&#8221;{}&#8221;]<\/p>\n<p>Nossa equipe de advogados especializados em direito tribut\u00e1rio oferece solu\u00e7\u00f5es personalizadas para quest\u00f5es fiscais, incluindo planejamento tribut\u00e1rio, contencioso administrativo e judicial, e consultoria estrat\u00e9gica para minimizar riscos e maximizar benef\u00edcios\u00a0fiscais.<\/p>\n<p>[\/et_pb_toggle][et_pb_toggle title=&#8221;FAM\u00cdLIA E  SUCESS\u00c3O&#8221; open_toggle_text_color=&#8221;#1e232b&#8221; icon_color=&#8221;#303644&#8243; open_icon_color=&#8221;#303644&#8243; _builder_version=&#8221;4.25.0&#8243; _module_preset=&#8221;default&#8221; title_text_color=&#8221;#1e232b&#8221; title_font=&#8221;Baskervville|700||on|||||&#8221; title_font_size=&#8221;16px&#8221; closed_title_line_height=&#8221;1.2em&#8221; background_color=&#8221;#cab6a1&#8243; custom_margin=&#8221;|-30px|11px|-30px|false|false&#8221; border_width_all=&#8221;0px&#8221; global_colors_info=&#8221;{}&#8221;]<\/p>\n<p>Oferecemos servi\u00e7os especializados em prote\u00e7\u00e3o patrimonial para indiv\u00edduos e fam\u00edlias que desejam proteger seus ativos e minimizar riscos. Nossa equipe de advogados est\u00e1 preparada para oferecer solu\u00e7\u00f5es personalizadas, incluindo a implementa\u00e7\u00e3o de estruturas jur\u00eddicas eficazes, planejamento sucess\u00f3rio, elabora\u00e7\u00e3o de contratos e acordos de prote\u00e7\u00e3o de patrim\u00f4nio, garantindo seguran\u00e7a e tranquilidade para nossos clientes em todas as\u00a0circunst\u00e2ncias. Atuamos na resolu\u00e7\u00e3o de problemas relativos a Direito de Fam\u00edlia e Direito\u00a0das\u00a0Sucess\u00f5es.<\/p>\n<p>[\/et_pb_toggle][\/et_pb_column][et_pb_column type=&#8221;1_4&#8243; _builder_version=&#8221;4.16&#8243; _module_preset=&#8221;default&#8221; global_colors_info=&#8221;{}&#8221;][et_pb_toggle title=&#8221;Rj\/fal\u00eancia&#8221; open_toggle_text_color=&#8221;#1e232b&#8221; icon_color=&#8221;#303644&#8243; open_icon_color=&#8221;#303644&#8243; _builder_version=&#8221;4.25.0&#8243; _module_preset=&#8221;default&#8221; title_text_color=&#8221;#1e232b&#8221; title_font=&#8221;Baskervville|700||on|||||&#8221; title_font_size=&#8221;16px&#8221; closed_title_line_height=&#8221;1.2em&#8221; background_color=&#8221;#cab6a1&#8243; custom_margin=&#8221;|-30px|11px|-30px|false|false&#8221; border_width_all=&#8221;0px&#8221; global_colors_info=&#8221;{}&#8221;]<\/p>\n<p><span>Compreendemos os desafios e complexidades enfrentados por empresas em situa\u00e7\u00f5es de recupera\u00e7\u00e3o judicial e fal\u00eancia. Nossa equipe de advogados especializados em reestrutura\u00e7\u00e3o e insolv\u00eancia est\u00e1 preparada para oferecer assist\u00eancia jur\u00eddica abrangente, protegendo os interesses de credores, devedores e demais partes envolvidas, com o objetivo de encontrar solu\u00e7\u00f5es eficazes e sustent\u00e1veis para essas quest\u00f5es delicadas.<\/span><\/p>\n<p>[\/et_pb_toggle][et_pb_toggle title=&#8221;LIFE SCIENCES&#8221; open_toggle_text_color=&#8221;#1e232b&#8221; icon_color=&#8221;#303644&#8243; open_icon_color=&#8221;#303644&#8243; _builder_version=&#8221;4.25.0&#8243; _module_preset=&#8221;default&#8221; title_text_color=&#8221;#1e232b&#8221; title_font=&#8221;Baskervville|700||on|||||&#8221; title_font_size=&#8221;16px&#8221; closed_title_line_height=&#8221;1.2em&#8221; background_color=&#8221;#cab6a1&#8243; custom_margin=&#8221;|-30px|11px|-30px|false|false&#8221; border_width_all=&#8221;0px&#8221; global_colors_info=&#8221;{}&#8221;]<\/p>\n<p><span>Nosso escrit\u00f3rio tem o privil\u00e9gio de oferecer assessoria jur\u00eddica especializada para empresas e institui\u00e7\u00f5es atuantes no setor de ci\u00eancias da vida. Compreendemos os desafios \u00fanicos enfrentados por organiza\u00e7\u00f5es nesse setor altamente regulamentado e estamos empenhados em fornecer solu\u00e7\u00f5es jur\u00eddicas inovadoras e orientadas para resultados, garantindo conformidade com as normas regulat\u00f3rias e protegendo os interesses de nossos clientes.<\/span><\/p>\n<p>[\/et_pb_toggle][\/et_pb_column][\/et_pb_row][\/et_pb_section]<\/p>\n","protected":false},"excerpt":{"rendered":"<p>\u00c1REAS DE ATUA\u00c7\u00c3ONosso escrit\u00f3rio possui uma vasta experi\u00eancia em direito empresarial, oferecendo servi\u00e7os jur\u00eddicos abrangentes para empresas de todos os portes e setores. Desde a constitui\u00e7\u00e3o e estrutura\u00e7\u00e3o de sociedades at\u00e9 quest\u00f5es contratuais complexas e lit\u00edgios comerciais, estamos comprometidos em fornecer solu\u00e7\u00f5es jur\u00eddicas eficazes e estrat\u00e9gicas para nossos clientes.Oferecemos servi\u00e7os de consultoria e representa\u00e7\u00e3o jur\u00eddica [&hellip;]<\/p>\n","protected":false},"author":1,"featured_media":0,"parent":0,"menu_order":2,"comment_status":"closed","ping_status":"closed","template":"","meta":{"_et_pb_use_builder":"on","_et_pb_old_content":"","_et_gb_content_width":"","footnotes":""},"class_list":["post-51","page","type-page","status-publish","hentry"],"_links":{"self":[{"href":"https:\/\/haipekfranco.com\/index.php\/wp-json\/wp\/v2\/pages\/51","targetHints":{"allow":["GET"]}}],"collection":[{"href":"https:\/\/haipekfranco.com\/index.php\/wp-json\/wp\/v2\/pages"}],"about":[{"href":"https:\/\/haipekfranco.com\/index.php\/wp-json\/wp\/v2\/types\/page"}],"author":[{"embeddable":true,"href":"https:\/\/haipekfranco.com\/index.php\/wp-json\/wp\/v2\/users\/1"}],"replies":[{"embeddable":true,"href":"https:\/\/haipekfranco.com\/index.php\/wp-json\/wp\/v2\/comments?post=51"}],"version-history":[{"count":23,"href":"https:\/\/haipekfranco.com\/index.php\/wp-json\/wp\/v2\/pages\/51\/revisions"}],"predecessor-version":[{"id":440,"href":"https:\/\/haipekfranco.com\/index.php\/wp-json\/wp\/v2\/pages\/51\/revisions\/440"}],"wp:attachment":[{"href":"https:\/\/haipekfranco.com\/index.php\/wp-json\/wp\/v2\/media?parent=51"}],"curies":[{"name":"wp","href":"https:\/\/api.w.org\/{rel}","templated":true}]}}