{"id":40,"date":"2024-04-22T17:47:40","date_gmt":"2024-04-22T20:47:40","guid":{"rendered":"https:\/\/haipekfranco.com\/?page_id=40"},"modified":"2024-06-05T20:35:36","modified_gmt":"2024-06-05T23:35:36","slug":"home-en","status":"publish","type":"page","link":"https:\/\/haipekfranco.com\/index.php\/home-en\/","title":{"rendered":"Home-EN"},"content":{"rendered":"<p>[et_pb_section fb_built=&#8221;1&#8243; admin_label=&#8221;Header&#8221; _builder_version=&#8221;4.25.0&#8243; _module_preset=&#8221;default&#8221; use_background_color_gradient=&#8221;on&#8221; background_color_gradient_stops=&#8221;rgba(31,35,44,0.85) 0%|gcid-9fa4a1b6-767d-41ca-984c-a6f10449c843 100%&#8221; background_color_gradient_overlays_image=&#8221;on&#8221; background_image=&#8221;http:\/\/haipekfranco.com\/wp-content\/uploads\/2024\/04\/Firefly-Prateleira-grande-cheia-de-livros-de-um-escritorio-de-advocacia-parede-preta.-elegante-mov-scaled.jpg&#8221; custom_padding=&#8221;12vw||12vw||true|false&#8221; collapsed=&#8221;on&#8221; global_colors_info=&#8221;{%22gcid-9fa4a1b6-767d-41ca-984c-a6f10449c843%22:%91%22background_color_gradient_stops%22%93}&#8221;][et_pb_row _builder_version=&#8221;4.20.0&#8243; _module_preset=&#8221;default&#8221; max_width=&#8221;800px&#8221; global_colors_info=&#8221;{}&#8221;][et_pb_column type=&#8221;4_4&#8243; _builder_version=&#8221;4.20.0&#8243; _module_preset=&#8221;default&#8221; global_colors_info=&#8221;{}&#8221;][et_pb_image src=&#8221;http:\/\/haipekfranco.com\/wp-content\/uploads\/2024\/05\/Logo_HF_textura.png&#8221; title_text=&#8221;Logo_HF_textura&#8221; align=&#8221;center&#8221; _builder_version=&#8221;4.25.0&#8243; _module_preset=&#8221;default&#8221; global_colors_info=&#8221;{}&#8221;][\/et_pb_image][\/et_pb_column][\/et_pb_row][et_pb_row column_structure=&#8221;1_4,1_4,1_4,1_4&#8243; _builder_version=&#8221;4.25.0&#8243; _module_preset=&#8221;default&#8221; custom_padding=&#8221;||1px|||&#8221; global_colors_info=&#8221;{}&#8221;][et_pb_column type=&#8221;1_4&#8243; _builder_version=&#8221;4.25.0&#8243; _module_preset=&#8221;default&#8221; global_colors_info=&#8221;{}&#8221;][\/et_pb_column][et_pb_column type=&#8221;1_4&#8243; _builder_version=&#8221;4.25.0&#8243; _module_preset=&#8221;default&#8221; global_colors_info=&#8221;{}&#8221;][et_pb_button button_text=&#8221;ENGLISH\/US&#8221; button_alignment=&#8221;center&#8221; _builder_version=&#8221;4.25.0&#8243; _module_preset=&#8221;default&#8221; custom_button=&#8221;on&#8221; button_text_size=&#8221;18px&#8221; button_text_color=&#8221;#FFFFFF&#8221; button_bg_enable_image=&#8221;off&#8221; button_border_width=&#8221;2px&#8221; button_border_color=&#8221;#565b66&#8243; button_font=&#8221;Roboto||||||||&#8221; button_icon=&#8221;&#x49;||divi||400&#8243; button_icon_color=&#8221;#0083ff&#8221; custom_margin=&#8221;||||false|false&#8221; custom_padding=&#8221;10px||||false|false&#8221; global_colors_info=&#8221;{}&#8221;][\/et_pb_button][\/et_pb_column][et_pb_column type=&#8221;1_4&#8243; _builder_version=&#8221;4.25.0&#8243; _module_preset=&#8221;default&#8221; global_colors_info=&#8221;{}&#8221;][et_pb_button button_url=&#8221;https:\/\/haipekfranco.com\/&#8221; button_text=&#8221;PORTUGU\u00caS\/BR&#8221; button_alignment=&#8221;center&#8221; _builder_version=&#8221;4.25.0&#8243; _module_preset=&#8221;default&#8221; custom_button=&#8221;on&#8221; button_text_size=&#8221;18px&#8221; button_text_color=&#8221;#FFFFFF&#8221; button_bg_enable_image=&#8221;off&#8221; button_border_width=&#8221;2px&#8221; button_border_color=&#8221;#565b66&#8243; button_font=&#8221;Roboto||||||||&#8221; button_icon=&#8221;&#x49;||divi||400&#8243; button_icon_color=&#8221;#f2d2a9&#8243; custom_margin=&#8221;||||false|false&#8221; custom_padding=&#8221;10px||||false|false&#8221; global_colors_info=&#8221;{}&#8221;][\/et_pb_button][\/et_pb_column][et_pb_column type=&#8221;1_4&#8243; _builder_version=&#8221;4.25.0&#8243; _module_preset=&#8221;default&#8221; global_colors_info=&#8221;{}&#8221;][\/et_pb_column][\/et_pb_row][\/et_pb_section][et_pb_section fb_built=&#8221;1&#8243; admin_label=&#8221;Services&#8221; _builder_version=&#8221;4.25.0&#8243; _module_preset=&#8221;default&#8221; custom_padding=&#8221;70px||0px|||&#8221; collapsed=&#8221;on&#8221; global_colors_info=&#8221;{%22gcid-2f3f3e09-0a26-4ea7-8906-5e1128945e3f%22:%91%22background_color_gradient_stops%22,%22background_color%22,%22background_color_gradient_stops%22%93,%22gcid-9fa4a1b6-767d-41ca-984c-a6f10449c843%22:%91%22background_color_gradient_stops%22,%22background_color_gradient_stops%22%93}&#8221; background_color=&#8221;#e0dad2&#8243; background_color_tablet=&#8221;#1e232b&#8221; background_last_edited=&#8221;on|tablet&#8221; background_enable_color_tablet=&#8221;on&#8221;][et_pb_row column_structure=&#8221;1_2,1_2&#8243; _builder_version=&#8221;4.25.0&#8243; _module_preset=&#8221;default&#8221; global_colors_info=&#8221;{}&#8221;][et_pb_column type=&#8221;1_2&#8243; _builder_version=&#8221;4.25.0&#8243; _module_preset=&#8221;default&#8221; global_colors_info=&#8221;{}&#8221;][et_pb_text _builder_version=&#8221;4.25.0&#8243; _module_preset=&#8221;3f259168-7bfb-4c47-ba2b-37d1e2ea41ab&#8221; header_2_font=&#8221;Baskervville|||on|||||&#8221; header_2_font_size=&#8221;72px&#8221; global_colors_info=&#8221;{%22gcid-11d3dbbb-f6dc-4fb8-929b-9d6994368d00%22:%91%22header_2_text_color%22%93}&#8221;]<\/p>\n<h2><span style=\"color: #1e232b;\">WHO WE ARE<\/span><\/h2>\n<p>[\/et_pb_text][et_pb_button button_url=&#8221;https:\/\/haipekfranco.com\/index.php\/members\/&#8221; button_text=&#8221;Read more&#8221; _builder_version=&#8221;4.25.0&#8243; _module_preset=&#8221;9f3b1f90-161f-4e03-a870-b4e3c62aa178&#8243; button_text_color=&#8221;#454a53&#8243; button_border_color=&#8221;#454a53&#8243; global_colors_info=&#8221;{}&#8221; button_text_color_tablet=&#8221;#FFFFFF&#8221; button_text_color_last_edited=&#8221;on|tablet&#8221; button_border_color_tablet=&#8221;#FFFFFF&#8221; button_border_color_last_edited=&#8221;on|phone&#8221; button_icon_color_last_edited=&#8221;on|desktop&#8221; button_text_color_phone=&#8221;#FFFFFF&#8221; button_border_color_phone=&#8221;#FFFFFF&#8221;][\/et_pb_button][\/et_pb_column][et_pb_column type=&#8221;1_2&#8243; _builder_version=&#8221;4.25.0&#8243; _module_preset=&#8221;default&#8221; global_colors_info=&#8221;{}&#8221;][et_pb_text _builder_version=&#8221;4.25.0&#8243; _module_preset=&#8221;7c51f98f-eb42-4116-b177-d0daeccd6311&#8243; text_text_color=&#8221;#1e232b&#8221; custom_padding=&#8221;||0px|||&#8221; global_colors_info=&#8221;{}&#8221; text_text_color_tablet=&#8221;#FFFFFF&#8221; text_text_color_last_edited=&#8221;on|desktop&#8221; text_text_color_phone=&#8221;#FFFFFF&#8221;]<\/p>\n<p>We are a firm that prides itself on offering detailed and personalized attention to each of our clients. With a limited number of cases on hand, we ensure that each client receives the time and dedication required for a truly tailor made legal service.Somos um escrit\u00f3rio que se orgulha de oferecer aten\u00e7\u00e3o detalhada e personalizada a cada um de nossos clientes. Com um n\u00famero limitado de casos em m\u00e3os, garantimos que cada cliente receba o tempo e a dedica\u00e7\u00e3o necess\u00e1rios para um servi\u00e7o jur\u00eddico verdadeiramente sob medida.<\/p>\n<p>&nbsp;<\/p>\n<p>We understand that each legal situation is unique. Therefore, our service is fully adapted to the individual needs of our customers. From the initial consultation to case resolution, you will have the support of professionals who will truly listen, understand and act on your specific needs. Our goal is to transform legal complexities into clear and effective solutions.<\/p>\n<p>[\/et_pb_text][\/et_pb_column][\/et_pb_row][\/et_pb_section][et_pb_section fb_built=&#8221;1&#8243; admin_label=&#8221;About&#8221; _builder_version=&#8221;4.25.0&#8243; _module_preset=&#8221;default&#8221; custom_padding=&#8221;0px||0px|||&#8221; collapsed=&#8221;on&#8221; global_colors_info=&#8221;{%22gcid-2f3f3e09-0a26-4ea7-8906-5e1128945e3f%22:%91%22background_color_gradient_stops%22,%22background_color_gradient_stops%22,%22background_color_gradient_stops%22,%22background_color_gradient_stops%22,%22background_color_gradient_stops%22,%22background_color_gradient_stops%22%93,%22gcid-9fa4a1b6-767d-41ca-984c-a6f10449c843%22:%91%22background_color%22,%22background_color%22,%22background_color%22,%22background_color%22,%22background_color%22,%22background_color%22%93}&#8221; background_color=&#8221;gcid-9fa4a1b6-767d-41ca-984c-a6f10449c843&#8243; background_last_edited=&#8221;on|tablet&#8221; use_background_color_gradient=&#8221;on&#8221; use_background_color_gradient_tablet=&#8221;on&#8221; background_color_gradient_stops=&#8221;#e0dad2 1%|#e0dad2 20%|#454a53 20%|rgba(255,255,255,0) 100%&#8221; background_color_gradient_stops_tablet=&#8221;#1e232b 0%|#1e232b 20%|#454a53 20%|rgba(255,255,255,0) 100%&#8221;][et_pb_row _builder_version=&#8221;4.20.0&#8243; _module_preset=&#8221;default&#8221; global_colors_info=&#8221;{}&#8221;][et_pb_column type=&#8221;4_4&#8243; _builder_version=&#8221;4.20.0&#8243; _module_preset=&#8221;default&#8221; global_colors_info=&#8221;{}&#8221;][et_pb_image src=&#8221;http:\/\/haipekfranco.com\/wp-content\/uploads\/2024\/05\/EscHP_s.jpg&#8221; title_text=&#8221;EscHP_s&#8221; _builder_version=&#8221;4.25.0&#8243; _module_preset=&#8221;default&#8221; box_shadow_style=&#8221;preset3&#8243; global_colors_info=&#8221;{}&#8221;][\/et_pb_image][\/et_pb_column][\/et_pb_row][et_pb_row _builder_version=&#8221;4.25.0&#8243; _module_preset=&#8221;default&#8221; global_colors_info=&#8221;{}&#8221;][et_pb_column type=&#8221;4_4&#8243; _builder_version=&#8221;4.25.0&#8243; _module_preset=&#8221;default&#8221; global_colors_info=&#8221;{}&#8221;][et_pb_text _builder_version=&#8221;4.25.0&#8243; _module_preset=&#8221;fab94f1d-0da2-4740-b68d-98b0ee9fca4f&#8221; header_2_font=&#8221;Baskervville|||on|||||&#8221; header_2_text_color=&#8221;gcid-11d3dbbb-f6dc-4fb8-929b-9d6994368d00&#8243; header_2_font_size=&#8221;50px&#8221; custom_margin=&#8221;||10px||false|false&#8221; global_colors_info=&#8221;{%22gcid-11d3dbbb-f6dc-4fb8-929b-9d6994368d00%22:%91%22header_2_text_color%22%93}&#8221;]<\/p>\n<h2>AREAS OF EXPERTISE<\/h2>\n<p>[\/et_pb_text][et_pb_button button_url=&#8221;https:\/\/haipekfranco.com\/index.php\/expertise\/&#8221; button_text=&#8221;READ MORE&#8221; button_alignment=&#8221;left&#8221; _builder_version=&#8221;4.25.0&#8243; _module_preset=&#8221;cdcc4bcd-8d1c-4ab0-b357-610189cd5a0b&#8221; button_text_size=&#8221;15px&#8221; button_text_color=&#8221;#FFFFFF&#8221; button_bg_use_color_gradient=&#8221;on&#8221; button_bg_color_gradient_stops=&#8221;#27303a 0%|#1e232b 100%&#8221; button_border_width=&#8221;1px&#8221; button_font=&#8221;Baskervville|800||on|||||&#8221; button_icon=&#8221;&#x3d;||divi||400&#8243; box_shadow_style=&#8221;preset3&#8243; locked=&#8221;off&#8221; global_colors_info=&#8221;{}&#8221;][\/et_pb_button][\/et_pb_column][\/et_pb_row][\/et_pb_section][et_pb_section fb_built=&#8221;1&#8243; admin_label=&#8221;Call to Action&#8221; _builder_version=&#8221;4.20.0&#8243; _module_preset=&#8221;default&#8221; background_color=&#8221;gcid-9fa4a1b6-767d-41ca-984c-a6f10449c843&#8243; custom_padding=&#8221;0px|||||&#8221; collapsed=&#8221;on&#8221; global_colors_info=&#8221;{%22gcid-9fa4a1b6-767d-41ca-984c-a6f10449c843%22:%91%22background_color%22%93}&#8221;][et_pb_row column_structure=&#8221;2_5,3_5&#8243; make_equal=&#8221;on&#8221; _builder_version=&#8221;4.25.0&#8243; _module_preset=&#8221;default&#8221; global_colors_info=&#8221;{}&#8221;][et_pb_column type=&#8221;2_5&#8243; _builder_version=&#8221;4.20.0&#8243; _module_preset=&#8221;default&#8221; global_colors_info=&#8221;{}&#8221;][et_pb_text _builder_version=&#8221;4.25.0&#8243; _module_preset=&#8221;3f259168-7bfb-4c47-ba2b-37d1e2ea41ab&#8221; header_2_font=&#8221;Baskervville|||on|||||&#8221; global_colors_info=&#8221;{%22gcid-11d3dbbb-f6dc-4fb8-929b-9d6994368d00%22:%91%22header_2_text_color%22%93}&#8221;]<\/p>\n<h2>TRANSITION AND RENEWAL<\/h2>\n<p>[\/et_pb_text][et_pb_text _builder_version=&#8221;4.25.0&#8243; _module_preset=&#8221;7c51f98f-eb42-4116-b177-d0daeccd6311&#8243; text_text_color=&#8221;#FFFFFF&#8221; locked=&#8221;off&#8221; global_colors_info=&#8221;{}&#8221;]<\/p>\n<p>It is with great satisfaction that we announce the new phase of our office, now renamed Haipek Franco Advogados. This change establishes a significant moment of evolution and reflects our adaptation to the contemporary demands of law and the needs of our clients.<\/p>\n<p>[\/et_pb_text][et_pb_button button_url=&#8221;https:\/\/haipekfranco.com\/index.php\/background\/&#8221; button_text=&#8221;READ MORE&#8221; _builder_version=&#8221;4.25.0&#8243; _module_preset=&#8221;9f3b1f90-161f-4e03-a870-b4e3c62aa178&#8243; button_font=&#8221;Baskervville|800||on|||||&#8221; global_colors_info=&#8221;{}&#8221;][\/et_pb_button][\/et_pb_column][et_pb_column type=&#8221;3_5&#8243; _builder_version=&#8221;4.25.0&#8243; _module_preset=&#8221;default&#8221; background_image=&#8221;http:\/\/haipekfranco.com\/wp-content\/uploads\/2024\/04\/HPADV.jpg&#8221; global_colors_info=&#8221;{}&#8221;][\/et_pb_column][\/et_pb_row][\/et_pb_section][et_pb_section fb_built=&#8221;1&#8243; specialty=&#8221;on&#8221; padding_top_2=&#8221;90px&#8221; padding_top_bottom_link_2=&#8221;false&#8221; padding_left_right_link_2=&#8221;false&#8221; padding_2_tablet=&#8221;0px||||false|false&#8221; padding_2_phone=&#8221;0px||||false|false&#8221; padding_2_last_edited=&#8221;on|desktop&#8221; admin_label=&#8221;Features&#8221; _builder_version=&#8221;4.20.0&#8243; _module_preset=&#8221;default&#8221; background_color=&#8221;gcid-9fa4a1b6-767d-41ca-984c-a6f10449c843&#8243; custom_padding=&#8221;0px|||||&#8221; collapsed=&#8221;on&#8221; global_colors_info=&#8221;{%22gcid-9fa4a1b6-767d-41ca-984c-a6f10449c843%22:%91%22background_color%22%93}&#8221;][et_pb_column type=&#8221;1_2&#8243; specialty_columns=&#8221;2&#8243; _builder_version=&#8221;4.16&#8243; _module_preset=&#8221;default&#8221; custom_padding=&#8221;|||&#8221; global_colors_info=&#8221;{}&#8221; custom_padding__hover=&#8221;|||&#8221;][et_pb_row_inner use_custom_gutter=&#8221;on&#8221; gutter_width=&#8221;1&#8243; _builder_version=&#8221;4.20.0&#8243; _module_preset=&#8221;default&#8221; custom_padding=&#8221;|||0px||&#8221; global_colors_info=&#8221;{}&#8221;][et_pb_column_inner saved_specialty_column_type=&#8221;1_2&#8243; _builder_version=&#8221;4.20.0&#8243; _module_preset=&#8221;default&#8221; custom_padding=&#8221;60px||||false|false&#8221; custom_padding_tablet=&#8221;60px||||false|false&#8221; custom_padding_phone=&#8221;0px||||false|false&#8221; custom_padding_last_edited=&#8221;on|desktop&#8221; global_colors_info=&#8221;{}&#8221;][et_pb_text _builder_version=&#8221;4.25.0&#8243; _module_preset=&#8221;3f259168-7bfb-4c47-ba2b-37d1e2ea41ab&#8221; header_2_font=&#8221;Baskervville|||on|||||&#8221; global_colors_info=&#8221;{%22gcid-11d3dbbb-f6dc-4fb8-929b-9d6994368d00%22:%91%22header_2_text_color%22%93}&#8221;]<\/p>\n<h2>PARTNERS ON YOUR LEGAL PATH<\/h2>\n<p>[\/et_pb_text][et_pb_button button_url=&#8221;https:\/\/haipekfranco.com\/index.php\/expertise\/&#8221; button_text=&#8221;READ MORE&#8221; _builder_version=&#8221;4.25.0&#8243; _module_preset=&#8221;9f3b1f90-161f-4e03-a870-b4e3c62aa178&#8243; button_font=&#8221;Baskervville|800||on|||||&#8221; global_colors_info=&#8221;{}&#8221;][\/et_pb_button][\/et_pb_column_inner][\/et_pb_row_inner][\/et_pb_column][et_pb_column type=&#8221;1_2&#8243; _builder_version=&#8221;4.16&#8243; _module_preset=&#8221;default&#8221; custom_padding=&#8221;|||&#8221; global_colors_info=&#8221;{}&#8221; custom_padding__hover=&#8221;|||&#8221;][et_pb_text _builder_version=&#8221;4.25.0&#8243; _module_preset=&#8221;7c51f98f-eb42-4116-b177-d0daeccd6311&#8243; text_text_color=&#8221;#FFFFFF&#8221; global_colors_info=&#8221;{}&#8221;]<\/p>\n<p>Each case is handled with the meticulousness of a craftsman. Our team, although small, is highly specialized and dedicated to providing not just legal answers, but personalized solutions that protect and promote your interests. We work side by side with you to ensure your rights are upheld and your goals are reached.<\/p>\n<p>[\/et_pb_text][\/et_pb_column][\/et_pb_section]<\/p>\n","protected":false},"excerpt":{"rendered":"<p>WHO WE AREWe are a firm that prides itself on offering detailed and personalized attention to each of our clients. With a limited number of cases on hand, we ensure that each client receives the time and dedication required for a truly tailor made legal service.Somos um escrit\u00f3rio que se orgulha de oferecer aten\u00e7\u00e3o detalhada [&hellip;]<\/p>\n","protected":false},"author":1,"featured_media":0,"parent":0,"menu_order":0,"comment_status":"closed","ping_status":"closed","template":"","meta":{"_et_pb_use_builder":"on","_et_pb_old_content":"","_et_gb_content_width":"","footnotes":""},"class_list":["post-40","page","type-page","status-publish","hentry"],"_links":{"self":[{"href":"https:\/\/haipekfranco.com\/index.php\/wp-json\/wp\/v2\/pages\/40","targetHints":{"allow":["GET"]}}],"collection":[{"href":"https:\/\/haipekfranco.com\/index.php\/wp-json\/wp\/v2\/pages"}],"about":[{"href":"https:\/\/haipekfranco.com\/index.php\/wp-json\/wp\/v2\/types\/page"}],"author":[{"embeddable":true,"href":"https:\/\/haipekfranco.com\/index.php\/wp-json\/wp\/v2\/users\/1"}],"replies":[{"embeddable":true,"href":"https:\/\/haipekfranco.com\/index.php\/wp-json\/wp\/v2\/comments?post=40"}],"version-history":[{"count":45,"href":"https:\/\/haipekfranco.com\/index.php\/wp-json\/wp\/v2\/pages\/40\/revisions"}],"predecessor-version":[{"id":514,"href":"https:\/\/haipekfranco.com\/index.php\/wp-json\/wp\/v2\/pages\/40\/revisions\/514"}],"wp:attachment":[{"href":"https:\/\/haipekfranco.com\/index.php\/wp-json\/wp\/v2\/media?parent=40"}],"curies":[{"name":"wp","href":"https:\/\/api.w.org\/{rel}","templated":true}]}}