{"id":343,"date":"2024-05-25T18:14:27","date_gmt":"2024-05-25T21:14:27","guid":{"rendered":"https:\/\/haipekfranco.com\/?page_id=343"},"modified":"2024-07-09T14:48:02","modified_gmt":"2024-07-09T17:48:02","slug":"home-2","status":"publish","type":"page","link":"https:\/\/haipekfranco.com\/","title":{"rendered":"Home"},"content":{"rendered":"<p>[et_pb_section fb_built=&#8221;1&#8243; admin_label=&#8221;Header&#8221; _builder_version=&#8221;4.25.0&#8243; _module_preset=&#8221;default&#8221; use_background_color_gradient=&#8221;on&#8221; background_color_gradient_stops=&#8221;rgba(31,35,44,0.85) 0%|gcid-9fa4a1b6-767d-41ca-984c-a6f10449c843 100%&#8221; background_color_gradient_overlays_image=&#8221;on&#8221; background_image=&#8221;http:\/\/haipekfranco.com\/wp-content\/uploads\/2024\/04\/Firefly-Prateleira-grande-cheia-de-livros-de-um-escritorio-de-advocacia-parede-preta.-elegante-mov-scaled.jpg&#8221; custom_padding=&#8221;12vw||12vw||true|false&#8221; collapsed=&#8221;on&#8221; global_colors_info=&#8221;{%22gcid-9fa4a1b6-767d-41ca-984c-a6f10449c843%22:%91%22background_color_gradient_stops%22%93}&#8221;][et_pb_row _builder_version=&#8221;4.20.0&#8243; _module_preset=&#8221;default&#8221; max_width=&#8221;800px&#8221; global_colors_info=&#8221;{}&#8221;][et_pb_column type=&#8221;4_4&#8243; _builder_version=&#8221;4.20.0&#8243; _module_preset=&#8221;default&#8221; global_colors_info=&#8221;{}&#8221;][et_pb_image src=&#8221;http:\/\/haipekfranco.com\/wp-content\/uploads\/2024\/07\/Logo_HK-1.png&#8221; title_text=&#8221;Logo_HK-1&#8243; align=&#8221;center&#8221; _builder_version=&#8221;4.25.0&#8243; _module_preset=&#8221;default&#8221; hover_enabled=&#8221;0&#8243; global_colors_info=&#8221;{}&#8221; sticky_enabled=&#8221;0&#8243;][\/et_pb_image][\/et_pb_column][\/et_pb_row][et_pb_row column_structure=&#8221;1_4,1_4,1_4,1_4&#8243; _builder_version=&#8221;4.25.0&#8243; _module_preset=&#8221;default&#8221; custom_padding=&#8221;||0px|||&#8221; global_colors_info=&#8221;{}&#8221;][et_pb_column type=&#8221;1_4&#8243; _builder_version=&#8221;4.25.0&#8243; _module_preset=&#8221;default&#8221; global_colors_info=&#8221;{}&#8221;][\/et_pb_column][et_pb_column type=&#8221;1_4&#8243; _builder_version=&#8221;4.25.0&#8243; _module_preset=&#8221;default&#8221; global_colors_info=&#8221;{}&#8221;][et_pb_button button_url=&#8221;https:\/\/haipekfranco.com\/index.php\/home-en\/&#8221; button_text=&#8221;ENGLISH\/US&#8221; button_alignment=&#8221;center&#8221; _builder_version=&#8221;4.25.0&#8243; _module_preset=&#8221;default&#8221; custom_button=&#8221;on&#8221; button_text_size=&#8221;18px&#8221; button_text_color=&#8221;#FFFFFF&#8221; button_bg_enable_image=&#8221;off&#8221; button_border_width=&#8221;2px&#8221; button_border_color=&#8221;#565b66&#8243; button_font=&#8221;Roboto||||||||&#8221; button_icon=&#8221;&#x49;||divi||400&#8243; button_icon_color=&#8221;#0083ff&#8221; custom_margin=&#8221;||||false|false&#8221; custom_padding=&#8221;10px||||false|false&#8221; global_colors_info=&#8221;{}&#8221;][\/et_pb_button][\/et_pb_column][et_pb_column type=&#8221;1_4&#8243; _builder_version=&#8221;4.25.0&#8243; _module_preset=&#8221;default&#8221; global_colors_info=&#8221;{}&#8221;][et_pb_button button_url=&#8221;https:\/\/haipekfranco.com\/&#8221; button_text=&#8221;PORTUGU\u00caS\/BR&#8221; button_alignment=&#8221;center&#8221; _builder_version=&#8221;4.25.0&#8243; _module_preset=&#8221;default&#8221; custom_button=&#8221;on&#8221; button_text_size=&#8221;18px&#8221; button_text_color=&#8221;#FFFFFF&#8221; button_bg_enable_image=&#8221;off&#8221; button_border_width=&#8221;2px&#8221; button_border_color=&#8221;#565b66&#8243; button_font=&#8221;Roboto||||||||&#8221; button_icon=&#8221;&#x49;||divi||400&#8243; button_icon_color=&#8221;#f2d2a9&#8243; custom_margin=&#8221;||||false|false&#8221; custom_padding=&#8221;10px||||false|false&#8221; global_colors_info=&#8221;{}&#8221;][\/et_pb_button][\/et_pb_column][et_pb_column type=&#8221;1_4&#8243; _builder_version=&#8221;4.25.0&#8243; _module_preset=&#8221;default&#8221; global_colors_info=&#8221;{}&#8221;][\/et_pb_column][\/et_pb_row][\/et_pb_section][et_pb_section fb_built=&#8221;1&#8243; admin_label=&#8221;Services&#8221; _builder_version=&#8221;4.25.0&#8243; _module_preset=&#8221;default&#8221; background_color=&#8221;#e0dad2&#8243; custom_padding=&#8221;70px||0px|||&#8221; background_color_tablet=&#8221;#1e232b&#8221; background_last_edited=&#8221;on|tablet&#8221; background_enable_color_tablet=&#8221;on&#8221; collapsed=&#8221;on&#8221; global_colors_info=&#8221;{%22gcid-2f3f3e09-0a26-4ea7-8906-5e1128945e3f%22:%91%22background_color_gradient_stops%22%93,%22gcid-9fa4a1b6-767d-41ca-984c-a6f10449c843%22:%91%22background_color_gradient_stops%22%93}&#8221;][et_pb_row column_structure=&#8221;1_2,1_2&#8243; _builder_version=&#8221;4.25.0&#8243; _module_preset=&#8221;default&#8221; global_colors_info=&#8221;{}&#8221;][et_pb_column type=&#8221;1_2&#8243; _builder_version=&#8221;4.25.0&#8243; _module_preset=&#8221;default&#8221; global_colors_info=&#8221;{}&#8221;][et_pb_text _builder_version=&#8221;4.25.0&#8243; _module_preset=&#8221;3f259168-7bfb-4c47-ba2b-37d1e2ea41ab&#8221; header_2_font=&#8221;Baskervville|||on|||||&#8221; header_2_font_size=&#8221;72px&#8221; global_colors_info=&#8221;{%22gcid-11d3dbbb-f6dc-4fb8-929b-9d6994368d00%22:%91%22header_2_text_color%22%93}&#8221;]<\/p>\n<h2><span style=\"color: #1e232b;\">Quem somos<\/span><\/h2>\n<p>[\/et_pb_text][et_pb_button button_url=&#8221;https:\/\/haipekfranco.com\/index.php\/socios\/&#8221; button_text=&#8221;Saiba mais&#8221; _builder_version=&#8221;4.25.0&#8243; _module_preset=&#8221;9f3b1f90-161f-4e03-a870-b4e3c62aa178&#8243; button_text_color=&#8221;#454a53&#8243; button_border_color=&#8221;#454a53&#8243; button_text_color_tablet=&#8221;#FFFFFF&#8221; button_text_color_phone=&#8221;#FFFFFF&#8221; button_text_color_last_edited=&#8221;on|tablet&#8221; button_border_color_tablet=&#8221;#FFFFFF&#8221; button_border_color_phone=&#8221;#FFFFFF&#8221; button_border_color_last_edited=&#8221;on|phone&#8221; button_icon_color_tablet=&#8221;&#8221; button_icon_color_phone=&#8221;&#8221; button_icon_color_last_edited=&#8221;on|desktop&#8221; global_colors_info=&#8221;{}&#8221;][\/et_pb_button][\/et_pb_column][et_pb_column type=&#8221;1_2&#8243; _builder_version=&#8221;4.25.0&#8243; _module_preset=&#8221;default&#8221; global_colors_info=&#8221;{}&#8221;][et_pb_text _builder_version=&#8221;4.25.0&#8243; _module_preset=&#8221;7c51f98f-eb42-4116-b177-d0daeccd6311&#8243; text_text_color=&#8221;#1e232b&#8221; custom_padding=&#8221;||0px|||&#8221; text_font_tablet=&#8221;&#8221; text_font_phone=&#8221;&#8221; text_font_last_edited=&#8221;on|tablet&#8221; text_text_color_tablet=&#8221;#FFFFFF&#8221; text_text_color_phone=&#8221;#FFFFFF&#8221; text_text_color_last_edited=&#8221;on|desktop&#8221; global_colors_info=&#8221;{}&#8221;]<\/p>\n<p>Somos um escrit\u00f3rio que se orgulha de oferecer aten\u00e7\u00e3o detalhada e personalizada a cada um de nossos clientes. Com um n\u00famero limitado de casos em m\u00e3os, garantimos que cada cliente receba o tempo e a dedica\u00e7\u00e3o necess\u00e1rios para um servi\u00e7o jur\u00eddico verdadeiramente sob medida.<\/p>\n<p>&nbsp;<\/p>\n<p>Entendemos que cada situa\u00e7\u00e3o jur\u00eddica \u00e9 \u00fanica. Por isso, nosso atendimento \u00e9 completamente adaptado \u00e0s necessidades individuais de nossos clientes. Desde a consulta inicial at\u00e9 a resolu\u00e7\u00e3o do caso, voc\u00ea ter\u00e1 o apoio de profissionais que realmente escutam, compreendem e agem de acordo com suas necessidades espec\u00edficas. Nosso objetivo \u00e9 transformar complexidades legais em solu\u00e7\u00f5es claras e eficazes.<\/p>\n<p>[\/et_pb_text][\/et_pb_column][\/et_pb_row][\/et_pb_section][et_pb_section fb_built=&#8221;1&#8243; admin_label=&#8221;About&#8221; _builder_version=&#8221;4.25.0&#8243; _module_preset=&#8221;default&#8221; background_color=&#8221;gcid-9fa4a1b6-767d-41ca-984c-a6f10449c843&#8243; use_background_color_gradient=&#8221;on&#8221; background_color_gradient_stops=&#8221;#e0dad2 1%|#e0dad2 20%|#454a53 20%|rgba(255,255,255,0) 100%&#8221; custom_padding=&#8221;0px||0px|||&#8221; background_last_edited=&#8221;on|tablet&#8221; use_background_color_gradient_tablet=&#8221;on&#8221; background_color_gradient_stops_tablet=&#8221;#1e232b 0%|#1e232b 20%|#454a53 20%|rgba(255,255,255,0) 100%&#8221; collapsed=&#8221;on&#8221; global_colors_info=&#8221;{%22gcid-2f3f3e09-0a26-4ea7-8906-5e1128945e3f%22:%91%22background_color_gradient_stops%22,%22background_color_gradient_stops%22,%22background_color_gradient_stops%22%93,%22gcid-9fa4a1b6-767d-41ca-984c-a6f10449c843%22:%91%22background_color%22,%22background_color%22,%22background_color%22%93}&#8221;][et_pb_row _builder_version=&#8221;4.25.0&#8243; _module_preset=&#8221;default&#8221; global_colors_info=&#8221;{}&#8221;][et_pb_column type=&#8221;4_4&#8243; _builder_version=&#8221;4.20.0&#8243; _module_preset=&#8221;default&#8221; global_colors_info=&#8221;{}&#8221;][et_pb_image src=&#8221;http:\/\/haipekfranco.com\/wp-content\/uploads\/2024\/07\/EscHP-1.png&#8221; title_text=&#8221;EscHP-1&#8243; _builder_version=&#8221;4.25.0&#8243; _module_preset=&#8221;default&#8221; hover_enabled=&#8221;0&#8243; box_shadow_style=&#8221;preset3&#8243; global_colors_info=&#8221;{}&#8221; align=&#8221;center&#8221; sticky_enabled=&#8221;0&#8243;][\/et_pb_image][\/et_pb_column][\/et_pb_row][et_pb_row _builder_version=&#8221;4.25.0&#8243; _module_preset=&#8221;default&#8221; global_colors_info=&#8221;{}&#8221;][et_pb_column type=&#8221;4_4&#8243; _builder_version=&#8221;4.25.0&#8243; _module_preset=&#8221;default&#8221; global_colors_info=&#8221;{}&#8221;][et_pb_text _builder_version=&#8221;4.25.0&#8243; _module_preset=&#8221;fab94f1d-0da2-4740-b68d-98b0ee9fca4f&#8221; header_2_font=&#8221;Baskervville|||on|||||&#8221; header_2_text_color=&#8221;gcid-11d3dbbb-f6dc-4fb8-929b-9d6994368d00&#8243; header_2_font_size=&#8221;50px&#8221; custom_margin=&#8221;||10px||false|false&#8221; global_colors_info=&#8221;{%22gcid-11d3dbbb-f6dc-4fb8-929b-9d6994368d00%22:%91%22header_2_text_color%22%93}&#8221;]<\/p>\n<h2><span style=\"color: #e0dad2;\">\u00c1reas de atua\u00e7\u00e3o<\/span><\/h2>\n<p>[\/et_pb_text][et_pb_button button_url=&#8221;https:\/\/haipekfranco.com\/index.php\/atuacao\/&#8221; button_text=&#8221;Saiba mais&#8221; button_alignment=&#8221;left&#8221; _builder_version=&#8221;4.25.0&#8243; _module_preset=&#8221;cdcc4bcd-8d1c-4ab0-b357-610189cd5a0b&#8221; button_text_size=&#8221;15px&#8221; button_text_color=&#8221;#FFFFFF&#8221; button_bg_use_color_gradient=&#8221;on&#8221; button_bg_color_gradient_stops=&#8221;#27303a 0%|#1e232b 100%&#8221; button_border_width=&#8221;1px&#8221; button_font=&#8221;Baskervville|800||on|||||&#8221; button_icon=&#8221;&#x3d;||divi||400&#8243; box_shadow_style=&#8221;preset3&#8243; locked=&#8221;off&#8221; global_colors_info=&#8221;{}&#8221;][\/et_pb_button][\/et_pb_column][\/et_pb_row][\/et_pb_section][et_pb_section fb_built=&#8221;1&#8243; admin_label=&#8221;Call to Action&#8221; _builder_version=&#8221;4.20.0&#8243; _module_preset=&#8221;default&#8221; background_color=&#8221;gcid-9fa4a1b6-767d-41ca-984c-a6f10449c843&#8243; custom_padding=&#8221;0px|||||&#8221; collapsed=&#8221;on&#8221; global_colors_info=&#8221;{%22gcid-9fa4a1b6-767d-41ca-984c-a6f10449c843%22:%91%22background_color%22%93}&#8221;][et_pb_row column_structure=&#8221;2_5,3_5&#8243; make_equal=&#8221;on&#8221; _builder_version=&#8221;4.25.0&#8243; _module_preset=&#8221;default&#8221; global_colors_info=&#8221;{}&#8221;][et_pb_column type=&#8221;2_5&#8243; _builder_version=&#8221;4.20.0&#8243; _module_preset=&#8221;default&#8221; global_colors_info=&#8221;{}&#8221;][et_pb_text _builder_version=&#8221;4.25.0&#8243; _module_preset=&#8221;3f259168-7bfb-4c47-ba2b-37d1e2ea41ab&#8221; header_2_font=&#8221;Baskervville|||on|||||&#8221; global_colors_info=&#8221;{%22gcid-11d3dbbb-f6dc-4fb8-929b-9d6994368d00%22:%91%22header_2_text_color%22%93}&#8221;]<\/p>\n<h2>TRANSI\u00c7\u00c3O E RENOVA\u00c7\u00c3O<\/h2>\n<p>[\/et_pb_text][et_pb_text _builder_version=&#8221;4.25.0&#8243; _module_preset=&#8221;7c51f98f-eb42-4116-b177-d0daeccd6311&#8243; text_text_color=&#8221;#FFFFFF&#8221; locked=&#8221;off&#8221; global_colors_info=&#8221;{}&#8221;]<\/p>\n<p>\u00c9 com grande satisfa\u00e7\u00e3o que anunciamos a nova fase de nosso escrit\u00f3rio, agora renomeado como Haipek Franco Advogados. Esta mudan\u00e7a marca um momento significativo de evolu\u00e7\u00e3o e reflete nossa adapta\u00e7\u00e3o \u00e0s demandas contempor\u00e2neas do direito e \u00e0s necessidades dos nossos clientes.<\/p>\n<p>[\/et_pb_text][et_pb_button button_url=&#8221;https:\/\/haipekfranco.com\/index.php\/historia\/&#8221; button_text=&#8221;SAIBA MAIS&#8221; _builder_version=&#8221;4.25.0&#8243; _module_preset=&#8221;9f3b1f90-161f-4e03-a870-b4e3c62aa178&#8243; button_font=&#8221;Baskervville|800||on|||||&#8221; global_colors_info=&#8221;{}&#8221;][\/et_pb_button][\/et_pb_column][et_pb_column type=&#8221;3_5&#8243; _builder_version=&#8221;4.25.0&#8243; _module_preset=&#8221;default&#8221; background_image=&#8221;http:\/\/haipekfranco.com\/wp-content\/uploads\/2024\/04\/HPADV.jpg&#8221; global_colors_info=&#8221;{}&#8221;][\/et_pb_column][\/et_pb_row][\/et_pb_section][et_pb_section fb_built=&#8221;1&#8243; specialty=&#8221;on&#8221; padding_top_2=&#8221;90px&#8221; padding_top_bottom_link_2=&#8221;false&#8221; padding_left_right_link_2=&#8221;false&#8221; padding_2_tablet=&#8221;0px||||false|false&#8221; padding_2_phone=&#8221;0px||||false|false&#8221; padding_2_last_edited=&#8221;on|desktop&#8221; admin_label=&#8221;Features&#8221; _builder_version=&#8221;4.20.0&#8243; _module_preset=&#8221;default&#8221; background_color=&#8221;gcid-9fa4a1b6-767d-41ca-984c-a6f10449c843&#8243; custom_padding=&#8221;0px|||||&#8221; collapsed=&#8221;on&#8221; global_colors_info=&#8221;{%22gcid-9fa4a1b6-767d-41ca-984c-a6f10449c843%22:%91%22background_color%22%93}&#8221;][et_pb_column type=&#8221;1_2&#8243; specialty_columns=&#8221;2&#8243; _builder_version=&#8221;4.16&#8243; _module_preset=&#8221;default&#8221; custom_padding=&#8221;|||&#8221; global_colors_info=&#8221;{}&#8221; custom_padding__hover=&#8221;|||&#8221;][et_pb_row_inner use_custom_gutter=&#8221;on&#8221; gutter_width=&#8221;1&#8243; _builder_version=&#8221;4.20.0&#8243; _module_preset=&#8221;default&#8221; custom_padding=&#8221;|||0px||&#8221; global_colors_info=&#8221;{}&#8221;][et_pb_column_inner saved_specialty_column_type=&#8221;1_2&#8243; _builder_version=&#8221;4.20.0&#8243; _module_preset=&#8221;default&#8221; custom_padding=&#8221;60px||||false|false&#8221; custom_padding_tablet=&#8221;60px||||false|false&#8221; custom_padding_phone=&#8221;0px||||false|false&#8221; custom_padding_last_edited=&#8221;on|desktop&#8221; global_colors_info=&#8221;{}&#8221;][et_pb_text _builder_version=&#8221;4.25.0&#8243; _module_preset=&#8221;3f259168-7bfb-4c47-ba2b-37d1e2ea41ab&#8221; header_2_font=&#8221;Baskervville|||on|||||&#8221; global_colors_info=&#8221;{%22gcid-11d3dbbb-f6dc-4fb8-929b-9d6994368d00%22:%91%22header_2_text_color%22%93}&#8221;]<\/p>\n<h2>PARCEIROS NO SEU CAMINHO JUR\u00cdDICO<\/h2>\n<p>[\/et_pb_text][et_pb_button button_url=&#8221;https:\/\/haipekfranco.com\/index.php\/atuacao\/&#8221; button_text=&#8221;SAIBA MAIS&#8221; _builder_version=&#8221;4.25.0&#8243; _module_preset=&#8221;9f3b1f90-161f-4e03-a870-b4e3c62aa178&#8243; button_font=&#8221;Baskervville|800||on|||||&#8221; global_colors_info=&#8221;{}&#8221;][\/et_pb_button][\/et_pb_column_inner][\/et_pb_row_inner][\/et_pb_column][et_pb_column type=&#8221;1_2&#8243; _builder_version=&#8221;4.16&#8243; _module_preset=&#8221;default&#8221; custom_padding=&#8221;|||&#8221; global_colors_info=&#8221;{}&#8221; custom_padding__hover=&#8221;|||&#8221;][et_pb_text _builder_version=&#8221;4.25.0&#8243; _module_preset=&#8221;7c51f98f-eb42-4116-b177-d0daeccd6311&#8243; text_text_color=&#8221;#FFFFFF&#8221; global_colors_info=&#8221;{}&#8221;]<\/p>\n<p>Cada caso \u00e9 tratado com a meticulosidade de um artes\u00e3o. Nossa equipe, embora pequena, \u00e9 altamente especializada e dedicada a fornecer n\u00e3o apenas respostas jur\u00eddicas, mas solu\u00e7\u00f5es personalizadas que protegem e promovem seus interesses. Trabalhamos lado a lado com voc\u00ea para garantir que seus direitos sejam defendidos e seus objetivos\u00a0alcan\u00e7ados.<\/p>\n<p>[\/et_pb_text][\/et_pb_column][\/et_pb_section]<\/p>\n","protected":false},"excerpt":{"rendered":"<p>Quem somosSomos um escrit\u00f3rio que se orgulha de oferecer aten\u00e7\u00e3o detalhada e personalizada a cada um de nossos clientes. Com um n\u00famero limitado de casos em m\u00e3os, garantimos que cada cliente receba o tempo e a dedica\u00e7\u00e3o necess\u00e1rios para um servi\u00e7o jur\u00eddico verdadeiramente sob medida. &nbsp; Entendemos que cada situa\u00e7\u00e3o jur\u00eddica \u00e9 \u00fanica. Por isso, [&hellip;]<\/p>\n","protected":false},"author":1,"featured_media":0,"parent":0,"menu_order":0,"comment_status":"closed","ping_status":"closed","template":"","meta":{"_et_pb_use_builder":"on","_et_pb_old_content":"","_et_gb_content_width":"","footnotes":""},"class_list":["post-343","page","type-page","status-publish","hentry"],"_links":{"self":[{"href":"https:\/\/haipekfranco.com\/index.php\/wp-json\/wp\/v2\/pages\/343","targetHints":{"allow":["GET"]}}],"collection":[{"href":"https:\/\/haipekfranco.com\/index.php\/wp-json\/wp\/v2\/pages"}],"about":[{"href":"https:\/\/haipekfranco.com\/index.php\/wp-json\/wp\/v2\/types\/page"}],"author":[{"embeddable":true,"href":"https:\/\/haipekfranco.com\/index.php\/wp-json\/wp\/v2\/users\/1"}],"replies":[{"embeddable":true,"href":"https:\/\/haipekfranco.com\/index.php\/wp-json\/wp\/v2\/comments?post=343"}],"version-history":[{"count":22,"href":"https:\/\/haipekfranco.com\/index.php\/wp-json\/wp\/v2\/pages\/343\/revisions"}],"predecessor-version":[{"id":526,"href":"https:\/\/haipekfranco.com\/index.php\/wp-json\/wp\/v2\/pages\/343\/revisions\/526"}],"wp:attachment":[{"href":"https:\/\/haipekfranco.com\/index.php\/wp-json\/wp\/v2\/media?parent=343"}],"curies":[{"name":"wp","href":"https:\/\/api.w.org\/{rel}","templated":true}]}}