{"id":200,"date":"2024-05-07T21:50:44","date_gmt":"2024-05-08T00:50:44","guid":{"rendered":"https:\/\/haipekfranco.com\/?page_id=200"},"modified":"2024-06-08T15:53:43","modified_gmt":"2024-06-08T18:53:43","slug":"socios","status":"publish","type":"page","link":"https:\/\/haipekfranco.com\/index.php\/socios\/","title":{"rendered":"S\u00f3cios"},"content":{"rendered":"<p>[et_pb_section fb_built=&#8221;1&#8243; admin_label=&#8221;Header&#8221; _builder_version=&#8221;4.25.0&#8243; _module_preset=&#8221;default&#8221; use_background_color_gradient=&#8221;on&#8221; background_color_gradient_stops=&#8221;rgba(31,35,44,0.7) 0%|gcid-9fa4a1b6-767d-41ca-984c-a6f10449c843 100%&#8221; background_color_gradient_overlays_image=&#8221;on&#8221; background_image=&#8221;http:\/\/haipekfranco.com\/wp-content\/uploads\/2024\/04\/attorney-14.jpg&#8221; parallax=&#8221;on&#8221; custom_padding=&#8221;4vw||4vw||false|false&#8221; locked=&#8221;off&#8221; collapsed=&#8221;on&#8221; global_colors_info=&#8221;{%22gcid-9fa4a1b6-767d-41ca-984c-a6f10449c843%22:%91%22background_color_gradient_stops%22%93}&#8221;][et_pb_row _builder_version=&#8221;4.20.0&#8243; _module_preset=&#8221;default&#8221; global_colors_info=&#8221;{}&#8221;][et_pb_column type=&#8221;4_4&#8243; _builder_version=&#8221;4.20.0&#8243; _module_preset=&#8221;default&#8221; global_colors_info=&#8221;{}&#8221;][et_pb_text _builder_version=&#8221;4.25.0&#8243; _module_preset=&#8221;b9c3ce16-8981-4633-a57c-941b43f6bc2b&#8221; header_font=&#8221;Baskervville|||on|||||&#8221; header_text_color=&#8221;gcid-11d3dbbb-f6dc-4fb8-929b-9d6994368d00&#8243; text_orientation=&#8221;center&#8221; global_colors_info=&#8221;{%22gcid-11d3dbbb-f6dc-4fb8-929b-9d6994368d00%22:%91%22header_text_color%22%93}&#8221;]<\/p>\n<h1>S\u00d3CIOS<\/h1>\n<p>[\/et_pb_text][et_pb_button button_url=&#8221;https:\/\/haipekfranco.com\/index.php\/contato\/&#8221; button_text=&#8221;fale conosco&#8221; button_alignment=&#8221;center&#8221; _builder_version=&#8221;4.25.0&#8243; _module_preset=&#8221;aa8f8c5b-3c0c-4d5d-a67a-38dc398c9600&#8243; global_colors_info=&#8221;{}&#8221;][\/et_pb_button][\/et_pb_column][\/et_pb_row][\/et_pb_section][et_pb_section fb_built=&#8221;1&#8243; admin_label=&#8221;Our Team&#8221; _builder_version=&#8221;4.25.0&#8243; _module_preset=&#8221;default&#8221; background_color=&#8221;gcid-9fa4a1b6-767d-41ca-984c-a6f10449c843&#8243; custom_padding=&#8221;||8vw||false|false&#8221; locked=&#8221;off&#8221; collapsed=&#8221;on&#8221; global_colors_info=&#8221;{%22gcid-9fa4a1b6-767d-41ca-984c-a6f10449c843%22:%91%22background_color%22%93}&#8221;][et_pb_row column_structure=&#8221;1_3,1_3,1_3&#8243; _builder_version=&#8221;4.20.0&#8243; _module_preset=&#8221;default&#8221; global_colors_info=&#8221;{}&#8221;][et_pb_column type=&#8221;1_3&#8243; _builder_version=&#8221;4.20.0&#8243; _module_preset=&#8221;default&#8221; global_colors_info=&#8221;{}&#8221;][et_pb_image src=&#8221;http:\/\/haipekfranco.com\/wp-content\/uploads\/2024\/06\/DRaFranco.jpg&#8221; title_text=&#8221;DRaFranco&#8221; _builder_version=&#8221;4.25.0&#8243; _module_preset=&#8221;default&#8221; hover_enabled=&#8221;0&#8243; box_shadow_style=&#8221;preset1&#8243; global_colors_info=&#8221;{}&#8221; sticky_enabled=&#8221;0&#8243;][\/et_pb_image][et_pb_text _builder_version=&#8221;4.25.0&#8243; _module_preset=&#8221;19b6392b-fb92-4af2-ac4c-703ed485285b&#8221; header_5_font=&#8221;Baskervville|500||on|||||&#8221; header_5_text_color=&#8221;gcid-11d3dbbb-f6dc-4fb8-929b-9d6994368d00&#8243; text_orientation=&#8221;center&#8221; global_colors_info=&#8221;{%22gcid-11d3dbbb-f6dc-4fb8-929b-9d6994368d00%22:%91%22header_5_text_color%22%93}&#8221;]<\/p>\n<h5>Dra. AnaPaula Haipek<\/h5>\n<p>[\/et_pb_text][et_pb_text _builder_version=&#8221;4.25.0&#8243; _module_preset=&#8221;61378578-fd88-44c1-88fe-3f2f9a6b273f&#8221; text_text_color=&#8221;#FFFFFF&#8221; text_font_size=&#8221;16px&#8221; header_6_text_color=&#8221;#FFFFFF&#8221; text_orientation=&#8221;center&#8221; global_colors_info=&#8221;{}&#8221;]<\/p>\n<p>Advogada formada pela Pontif\u00edcia Universidade Cat\u00f3lica, traz uma rica experi\u00eancia em Direito Processual Civil e Direito Empresarial. Ela segue os passos de seu pai com um compromisso profundo com a \u00e9tica e a inova\u00e7\u00e3o jur\u00eddica.<\/p>\n<p>[\/et_pb_text][\/et_pb_column][et_pb_column type=&#8221;1_3&#8243; _builder_version=&#8221;4.20.0&#8243; _module_preset=&#8221;default&#8221; global_colors_info=&#8221;{}&#8221;][et_pb_image src=&#8221;http:\/\/haipekfranco.com\/wp-content\/uploads\/2024\/06\/DRHaipekF.jpg&#8221; title_text=&#8221;DRHaipekF&#8221; _builder_version=&#8221;4.25.0&#8243; _module_preset=&#8221;default&#8221; hover_enabled=&#8221;0&#8243; box_shadow_style=&#8221;preset1&#8243; global_colors_info=&#8221;{}&#8221; sticky_enabled=&#8221;0&#8243;][\/et_pb_image][et_pb_text _builder_version=&#8221;4.25.0&#8243; _module_preset=&#8221;19b6392b-fb92-4af2-ac4c-703ed485285b&#8221; header_5_font=&#8221;Baskervville|500||on|||||&#8221; header_5_text_color=&#8221;gcid-11d3dbbb-f6dc-4fb8-929b-9d6994368d00&#8243; text_orientation=&#8221;center&#8221; global_colors_info=&#8221;{%22gcid-11d3dbbb-f6dc-4fb8-929b-9d6994368d00%22:%91%22header_5_text_color%22%93}&#8221;]<\/p>\n<h5>Dr. Luiz Felipe Franco<\/h5>\n<p>[\/et_pb_text][et_pb_text _builder_version=&#8221;4.25.0&#8243; _module_preset=&#8221;61378578-fd88-44c1-88fe-3f2f9a6b273f&#8221; text_text_color=&#8221;#FFFFFF&#8221; text_font_size=&#8221;16px&#8221; header_6_text_color=&#8221;#FFFFFF&#8221; text_orientation=&#8221;center&#8221; global_colors_info=&#8221;{}&#8221;]<\/p>\n<p>Advogado formado pela Univ. S\u00e3o Francisco, especialista em Direito Empresarial com foco em reestrutura\u00e7\u00e3o de empresas, complementa a lideran\u00e7a com sua vis\u00e3o estrat\u00e9gica e experi\u00eancia pr\u00e1tica, garantindo uma abordagem abrangente \u00e0s necessidades jur\u00eddicas dos nossos clientes.<\/p>\n<p>[\/et_pb_text][\/et_pb_column][et_pb_column type=&#8221;1_3&#8243; _builder_version=&#8221;4.20.0&#8243; _module_preset=&#8221;default&#8221; global_colors_info=&#8221;{}&#8221;][et_pb_image src=&#8221;http:\/\/haipekfranco.com\/wp-content\/uploads\/2024\/05\/Advogada-dra2.jpg&#8221; title_text=&#8221;Advogada-dra2&#8243; _builder_version=&#8221;4.25.0&#8243; _module_preset=&#8221;default&#8221; box_shadow_style=&#8221;preset1&#8243; global_colors_info=&#8221;{}&#8221;][\/et_pb_image][et_pb_text _builder_version=&#8221;4.25.0&#8243; _module_preset=&#8221;19b6392b-fb92-4af2-ac4c-703ed485285b&#8221; header_5_font=&#8221;Baskervville|500||on|||||&#8221; header_5_text_color=&#8221;gcid-11d3dbbb-f6dc-4fb8-929b-9d6994368d00&#8243; text_orientation=&#8221;center&#8221; global_colors_info=&#8221;{%22gcid-11d3dbbb-f6dc-4fb8-929b-9d6994368d00%22:%91%22header_5_text_color%22%93}&#8221;]<\/p>\n<h5>Dra. S\u00d4NIA HAIPEK<\/h5>\n<p>[\/et_pb_text][et_pb_text _builder_version=&#8221;4.25.0&#8243; _module_preset=&#8221;61378578-fd88-44c1-88fe-3f2f9a6b273f&#8221; text_text_color=&#8221;#FFFFFF&#8221; text_font_size=&#8221;16px&#8221; header_6_text_color=&#8221;#FFFFFF&#8221; text_orientation=&#8221;center&#8221; global_colors_info=&#8221;{}&#8221;]<\/p>\n<p>Advogada graduada pela Universidade de S\u00e3o Paulo no ano de 1.973, inscrita na OAB sob o no 30.774 &#8211; SP. Durante 30 anos foi assessora jur\u00eddica da Secretaria da Fazenda do Estado de S\u00e3o Paulo, atuando em processos administrativos.<\/p>\n<p>[\/et_pb_text][\/et_pb_column][\/et_pb_row][\/et_pb_section]<\/p>\n","protected":false},"excerpt":{"rendered":"<p>S\u00d3CIOSDra. AnaPaula HaipekAdvogada formada pela Pontif\u00edcia Universidade Cat\u00f3lica, traz uma rica experi\u00eancia em Direito Processual Civil e Direito Empresarial. Ela segue os passos de seu pai com um compromisso profundo com a \u00e9tica e a inova\u00e7\u00e3o jur\u00eddica.Dr. Luiz Felipe FrancoAdvogado formado pela Univ. S\u00e3o Francisco, especialista em Direito Empresarial com foco em reestrutura\u00e7\u00e3o de empresas, [&hellip;]<\/p>\n","protected":false},"author":1,"featured_media":0,"parent":0,"menu_order":4,"comment_status":"closed","ping_status":"closed","template":"","meta":{"_et_pb_use_builder":"on","_et_pb_old_content":"","_et_gb_content_width":"","footnotes":""},"class_list":["post-200","page","type-page","status-publish","hentry"],"_links":{"self":[{"href":"https:\/\/haipekfranco.com\/index.php\/wp-json\/wp\/v2\/pages\/200","targetHints":{"allow":["GET"]}}],"collection":[{"href":"https:\/\/haipekfranco.com\/index.php\/wp-json\/wp\/v2\/pages"}],"about":[{"href":"https:\/\/haipekfranco.com\/index.php\/wp-json\/wp\/v2\/types\/page"}],"author":[{"embeddable":true,"href":"https:\/\/haipekfranco.com\/index.php\/wp-json\/wp\/v2\/users\/1"}],"replies":[{"embeddable":true,"href":"https:\/\/haipekfranco.com\/index.php\/wp-json\/wp\/v2\/comments?post=200"}],"version-history":[{"count":25,"href":"https:\/\/haipekfranco.com\/index.php\/wp-json\/wp\/v2\/pages\/200\/revisions"}],"predecessor-version":[{"id":519,"href":"https:\/\/haipekfranco.com\/index.php\/wp-json\/wp\/v2\/pages\/200\/revisions\/519"}],"wp:attachment":[{"href":"https:\/\/haipekfranco.com\/index.php\/wp-json\/wp\/v2\/media?parent=200"}],"curies":[{"name":"wp","href":"https:\/\/api.w.org\/{rel}","templated":true}]}}