{"id":106,"date":"2024-04-25T20:10:34","date_gmt":"2024-04-25T23:10:34","guid":{"rendered":"https:\/\/haipekfranco.com\/?page_id=106"},"modified":"2024-05-31T14:19:51","modified_gmt":"2024-05-31T17:19:51","slug":"historia","status":"publish","type":"page","link":"https:\/\/haipekfranco.com\/index.php\/historia\/","title":{"rendered":"Nossa Hist\u00f3ria"},"content":{"rendered":"<p>[et_pb_section fb_built=&#8221;1&#8243; admin_label=&#8221;Header&#8221; _builder_version=&#8221;4.25.0&#8243; _module_preset=&#8221;default&#8221; use_background_color_gradient=&#8221;on&#8221; background_color_gradient_stops=&#8221;rgba(31,35,44,0.7) 0%|gcid-9fa4a1b6-767d-41ca-984c-a6f10449c843 100%&#8221; background_color_gradient_overlays_image=&#8221;on&#8221; background_image=&#8221;http:\/\/haipekfranco.com\/wp-content\/uploads\/2024\/04\/Escritorio24-2.jpg&#8221; parallax=&#8221;on&#8221; custom_padding=&#8221;8vw||8vw||false|false&#8221; locked=&#8221;off&#8221; collapsed=&#8221;on&#8221; global_colors_info=&#8221;{%22gcid-9fa4a1b6-767d-41ca-984c-a6f10449c843%22:%91%22background_color_gradient_stops%22%93}&#8221;][et_pb_row _builder_version=&#8221;4.20.0&#8243; _module_preset=&#8221;default&#8221; global_colors_info=&#8221;{}&#8221;][et_pb_column type=&#8221;4_4&#8243; _builder_version=&#8221;4.20.0&#8243; _module_preset=&#8221;default&#8221; global_colors_info=&#8221;{}&#8221;][et_pb_text _builder_version=&#8221;4.25.0&#8243; _module_preset=&#8221;3c367461-019d-4f00-b33e-e6c0725fcb19&#8243; header_font=&#8221;Baskervville|||on|||||&#8221; header_text_color=&#8221;gcid-11d3dbbb-f6dc-4fb8-929b-9d6994368d00&#8243; text_orientation=&#8221;center&#8221; global_colors_info=&#8221;{%22gcid-11d3dbbb-f6dc-4fb8-929b-9d6994368d00%22:%91%22header_text_color%22%93}&#8221;]<\/p>\n<h1>NOSSA HIST\u00d3RIA<\/h1>\n<p>[\/et_pb_text][et_pb_button button_url=&#8221;https:\/\/haipekfranco.com\/index.php\/contato\/&#8221; button_text=&#8221;Fale conosco&#8221; button_alignment=&#8221;center&#8221; _builder_version=&#8221;4.25.0&#8243; _module_preset=&#8221;cdcc4bcd-8d1c-4ab0-b357-610189cd5a0b&#8221; locked=&#8221;off&#8221; global_colors_info=&#8221;{}&#8221;][\/et_pb_button][\/et_pb_column][\/et_pb_row][\/et_pb_section][et_pb_section fb_built=&#8221;1&#8243; admin_label=&#8221;About&#8221; _builder_version=&#8221;4.25.0&#8243; _module_preset=&#8221;default&#8221; background_color=&#8221;gcid-9fa4a1b6-767d-41ca-984c-a6f10449c843&#8243; custom_padding=&#8221;65px|||||&#8221; locked=&#8221;off&#8221; collapsed=&#8221;on&#8221; global_colors_info=&#8221;{%22gcid-9fa4a1b6-767d-41ca-984c-a6f10449c843%22:%91%22background_color%22%93}&#8221;][et_pb_row column_structure=&#8221;1_2,1_2&#8243; make_equal=&#8221;on&#8221; _builder_version=&#8221;4.25.0&#8243; _module_preset=&#8221;default&#8221; global_colors_info=&#8221;{}&#8221;][et_pb_column type=&#8221;1_2&#8243; _builder_version=&#8221;4.25.0&#8243; _module_preset=&#8221;default&#8221; background_image=&#8221;http:\/\/haipekfranco.com\/wp-content\/uploads\/2024\/05\/DrHaipek-5.jpg&#8221; global_colors_info=&#8221;{}&#8221;][et_pb_divider show_divider=&#8221;off&#8221; _builder_version=&#8221;4.20.0&#8243; _module_preset=&#8221;default&#8221; height_tablet=&#8221;40vw&#8221; height_phone=&#8221;40vw&#8221; height_last_edited=&#8221;on|desktop&#8221; global_colors_info=&#8221;{}&#8221;][\/et_pb_divider][\/et_pb_column][et_pb_column type=&#8221;1_2&#8243; _builder_version=&#8221;4.20.0&#8243; _module_preset=&#8221;default&#8221; global_colors_info=&#8221;{}&#8221;][et_pb_text _builder_version=&#8221;4.20.0&#8243; _module_preset=&#8221;502e4242-b15a-4b29-a3a3-0c2776e43c61&#8243; global_colors_info=&#8221;{%22gcid-11d3dbbb-f6dc-4fb8-929b-9d6994368d00%22:%91%22header_2_text_color%22%93}&#8221;]<\/p>\n<h2>Desde 1971<\/h2>\n<p>[\/et_pb_text][et_pb_text _builder_version=&#8221;4.25.0&#8243; _module_preset=&#8221;7ef76fc5-f872-40f3-830d-beccabd70d95&#8243; text_text_color=&#8221;#FFFFFF&#8221; locked=&#8221;off&#8221; global_colors_info=&#8221;{}&#8221;]<\/p>\n<p>Dr. Paulo Haipek advogado e administrador especializado em direito empresarial, cuja forma\u00e7\u00e3o foi sedimentada nas prestigiosa Universidade Mackenzie, onde completou sua gradua\u00e7\u00e3o em Direito em 1971 e em Administra\u00e7\u00e3o em 1978. Especialista em Direito Tribut\u00e1rio pela Pontif\u00edcia Universidade Cat\u00f3lica de S\u00e3o Paulo.<br \/>Dr. Paulo trabalhou por mais de 20 anos em empresas do Grupo Ultra e do Grupo Itap\/Brampac, tendo fundado a Haipek Advogados com o intuito de oferecer uma assessoria jur\u00eddica empresarial que fosse tanto inovadora quanto \u00e9tica, uma miss\u00e3o que ele perseguiu com zelo at\u00e9 o fim de sua jornada em 2023. Sua partida deixa um vazio em todos n\u00f3s, mas tamb\u00e9m um rico legado que seguimos honrando. Sua vis\u00e3o de justi\u00e7a e dedica\u00e7\u00e3o ao servi\u00e7o meticuloso continuam a guiar nossas a\u00e7\u00f5es e a inspirar novas gera\u00e7\u00f5es de advogados em nosso escrit\u00f3rio.<\/p>\n<p>[\/et_pb_text][\/et_pb_column][\/et_pb_row][\/et_pb_section][et_pb_section fb_built=&#8221;1&#8243; admin_label=&#8221;Service Info&#8221; _builder_version=&#8221;4.20.0&#8243; _module_preset=&#8221;default&#8221; background_color=&#8221;gcid-9fa4a1b6-767d-41ca-984c-a6f10449c843&#8243; custom_padding=&#8221;||0px|||&#8221; locked=&#8221;off&#8221; collapsed=&#8221;on&#8221; global_colors_info=&#8221;{%22gcid-9fa4a1b6-767d-41ca-984c-a6f10449c843%22:%91%22background_color%22%93}&#8221;][et_pb_row _builder_version=&#8221;4.20.0&#8243; _module_preset=&#8221;default&#8221; global_colors_info=&#8221;{}&#8221;][et_pb_column type=&#8221;4_4&#8243; _builder_version=&#8221;4.20.0&#8243; _module_preset=&#8221;default&#8221; global_colors_info=&#8221;{}&#8221;][et_pb_image src=&#8221;http:\/\/haipekfranco.com\/wp-content\/uploads\/2024\/05\/EscHPsun.jpg&#8221; title_text=&#8221;EscHPsun&#8221; _builder_version=&#8221;4.25.0&#8243; _module_preset=&#8221;default&#8221; hover_enabled=&#8221;0&#8243; global_colors_info=&#8221;{}&#8221; sticky_enabled=&#8221;0&#8243;][\/et_pb_image][\/et_pb_column][\/et_pb_row][et_pb_row custom_padding_last_edited=&#8221;on|desktop&#8221; _builder_version=&#8221;4.20.0&#8243; _module_preset=&#8221;default&#8221; custom_padding=&#8221;30px|60px|30px|60px|true|true&#8221; custom_padding_tablet=&#8221;|40px||40px|false|true&#8221; custom_padding_phone=&#8221;20px|20px|20px|20px|true|true&#8221; border_color_all=&#8221;gcid-11d3dbbb-f6dc-4fb8-929b-9d6994368d00&#8243; border_width_left=&#8221;5px&#8221; global_colors_info=&#8221;{%22gcid-11d3dbbb-f6dc-4fb8-929b-9d6994368d00%22:%91%22border_color_all%22%93}&#8221;][et_pb_column type=&#8221;4_4&#8243; _builder_version=&#8221;4.20.0&#8243; _module_preset=&#8221;default&#8221; global_colors_info=&#8221;{}&#8221;][et_pb_text _builder_version=&#8221;4.25.0&#8243; _module_preset=&#8221;6908be69-342b-4de0-9b40-d0754751dcc3&#8243; header_3_font=&#8221;Baskervville|||on|||||&#8221; header_3_text_color=&#8221;gcid-11d3dbbb-f6dc-4fb8-929b-9d6994368d00&#8243; global_colors_info=&#8221;{%22gcid-11d3dbbb-f6dc-4fb8-929b-9d6994368d00%22:%91%22header_3_text_color%22%93}&#8221;]<\/p>\n<h3>Transi\u00e7\u00e3o e Renova\u00e7\u00e3o<\/h3>\n<p>[\/et_pb_text][et_pb_text _builder_version=&#8221;4.25.0&#8243; _module_preset=&#8221;09fcfc2c-8514-4a45-9ac9-91423681082d&#8221; text_text_color=&#8221;#FFFFFF&#8221; global_colors_info=&#8221;{}&#8221;]<\/p>\n<p>\u00a0 \u00a0 \u00a0\u00c9 com grande satisfa\u00e7\u00e3o que anunciamos a nova fase de nosso escrit\u00f3rio, agora renomeado como Haipek Franco Advogados. Esta mudan\u00e7a marca um momento significativo de evolu\u00e7\u00e3o e reflete nossa adapta\u00e7\u00e3o \u00e0s demandas contempor\u00e2neas do direito e \u00e0s necessidades dos nossos clientes.<br \/>Lideran\u00e7a Conjunta<br \/>\u00a0 \u00a0 \u00a0Dra. Ana Paula Haipek, filha de nosso estimado fundador, Dr. Paulo Haipek, e Dr. Luiz Felipe Franco, assumem conjuntamente a lideran\u00e7a do escrit\u00f3rio. Juntos, eles representam uma fus\u00e3o de heran\u00e7a e inova\u00e7\u00e3o, unindo for\u00e7as para ampliar a excel\u00eancia e o alcance dos nossos servi\u00e7os jur\u00eddicos.<\/p>\n<p>[\/et_pb_text][\/et_pb_column][\/et_pb_row][\/et_pb_section]<\/p>\n","protected":false},"excerpt":{"rendered":"<p>NOSSA HIST\u00d3RIADesde 1971Dr. Paulo Haipek advogado e administrador especializado em direito empresarial, cuja forma\u00e7\u00e3o foi sedimentada nas prestigiosa Universidade Mackenzie, onde completou sua gradua\u00e7\u00e3o em Direito em 1971 e em Administra\u00e7\u00e3o em 1978. Especialista em Direito Tribut\u00e1rio pela Pontif\u00edcia Universidade Cat\u00f3lica de S\u00e3o Paulo.Dr. Paulo trabalhou por mais de 20 anos em empresas do Grupo [&hellip;]<\/p>\n","protected":false},"author":1,"featured_media":0,"parent":0,"menu_order":1,"comment_status":"closed","ping_status":"closed","template":"","meta":{"_et_pb_use_builder":"on","_et_pb_old_content":"","_et_gb_content_width":"","footnotes":""},"class_list":["post-106","page","type-page","status-publish","hentry"],"_links":{"self":[{"href":"https:\/\/haipekfranco.com\/index.php\/wp-json\/wp\/v2\/pages\/106","targetHints":{"allow":["GET"]}}],"collection":[{"href":"https:\/\/haipekfranco.com\/index.php\/wp-json\/wp\/v2\/pages"}],"about":[{"href":"https:\/\/haipekfranco.com\/index.php\/wp-json\/wp\/v2\/types\/page"}],"author":[{"embeddable":true,"href":"https:\/\/haipekfranco.com\/index.php\/wp-json\/wp\/v2\/users\/1"}],"replies":[{"embeddable":true,"href":"https:\/\/haipekfranco.com\/index.php\/wp-json\/wp\/v2\/comments?post=106"}],"version-history":[{"count":22,"href":"https:\/\/haipekfranco.com\/index.php\/wp-json\/wp\/v2\/pages\/106\/revisions"}],"predecessor-version":[{"id":490,"href":"https:\/\/haipekfranco.com\/index.php\/wp-json\/wp\/v2\/pages\/106\/revisions\/490"}],"wp:attachment":[{"href":"https:\/\/haipekfranco.com\/index.php\/wp-json\/wp\/v2\/media?parent=106"}],"curies":[{"name":"wp","href":"https:\/\/api.w.org\/{rel}","templated":true}]}}